{"id":91,"date":"2023-07-25T17:00:38","date_gmt":"2023-07-25T15:00:38","guid":{"rendered":"https:\/\/ytineraire.com\/?page_id=91"},"modified":"2023-08-24T13:32:36","modified_gmt":"2023-08-24T11:32:36","slug":"qui-sommes-nous","status":"publish","type":"page","link":"https:\/\/ytineraire.com\/?page_id=91","title":{"rendered":"Qui sommes-nous ?"},"content":{"rendered":"\n<p class=\"has-text-align-center has-large-font-size\"><strong>Votre mobilit\u00e9 \u00e9tudiante en toute s\u00e9r\u00e9nit\u00e9 !<\/strong><\/p>\n\n\n\n<p><\/p>\n\n\n\n<figure class=\"wp-block-video aligncenter\"><video controls poster=\"http:\/\/ytineraire.com\/wp-content\/uploads\/2023\/08\/vignette.png\" src=\"https:\/\/ytineraire.com\/wp-content\/uploads\/2023\/08\/MotionDesign-Ytineraire-1.mp4\"><\/video><\/figure>\n","protected":false},"excerpt":{"rendered":"<p>Votre mobilit\u00e9 \u00e9tudiante en toute s\u00e9r\u00e9nit\u00e9 !<\/p>\n","protected":false},"author":1,"featured_media":71,"parent":0,"menu_order":0,"comment_status":"closed","ping_status":"closed","template":"","meta":{"om_disable_all_campaigns":false,"_monsterinsights_skip_tracking":false,"_monsterinsights_sitenote_active":false,"_monsterinsights_sitenote_note":"","_monsterinsights_sitenote_category":0,"footnotes":""},"aioseo_notices":[],"_links":{"self":[{"href":"https:\/\/ytineraire.com\/index.php?rest_route=\/wp\/v2\/pages\/91"}],"collection":[{"href":"https:\/\/ytineraire.com\/index.php?rest_route=\/wp\/v2\/pages"}],"about":[{"href":"https:\/\/ytineraire.com\/index.php?rest_route=\/wp\/v2\/types\/page"}],"author":[{"embeddable":true,"href":"https:\/\/ytineraire.com\/index.php?rest_route=\/wp\/v2\/users\/1"}],"replies":[{"embeddable":true,"href":"https:\/\/ytineraire.com\/index.php?rest_route=%2Fwp%2Fv2%2Fcomments&post=91"}],"version-history":[{"count":6,"href":"https:\/\/ytineraire.com\/index.php?rest_route=\/wp\/v2\/pages\/91\/revisions"}],"predecessor-version":[{"id":541,"href":"https:\/\/ytineraire.com\/index.php?rest_route=\/wp\/v2\/pages\/91\/revisions\/541"}],"wp:featuredmedia":[{"embeddable":true,"href":"https:\/\/ytineraire.com\/index.php?rest_route=\/wp\/v2\/media\/71"}],"wp:attachment":[{"href":"https:\/\/ytineraire.com\/index.php?rest_route=%2Fwp%2Fv2%2Fmedia&parent=91"}],"curies":[{"name":"wp","href":"https:\/\/api.w.org\/{rel}","templated":true}]}}