{"id":52,"date":"2023-07-25T10:59:10","date_gmt":"2023-07-25T08:59:10","guid":{"rendered":"https:\/\/ytineraire.com\/?page_id=52"},"modified":"2023-07-25T17:08:48","modified_gmt":"2023-07-25T15:08:48","slug":"recherche-de-logements","status":"publish","type":"page","link":"https:\/\/ytineraire.com\/?page_id=52","title":{"rendered":"Notre accompagnement > Logements \u00e9tudiants"},"content":{"rendered":"\n<div class=\"wp-block-columns is-layout-flex wp-container-3 wp-block-columns-is-layout-flex\">\n<div class=\"wp-block-column is-layout-flow wp-block-column-is-layout-flow\">\n<p class=\"has-text-align-center has-x-large-font-size\"><strong>Logements <\/strong><\/p>\n\n\n\n<p class=\"has-text-align-center has-x-large-font-size\"><strong>\u00e9tudiants<\/strong><\/p>\n\n\n\n<div style=\"height:42px\" aria-hidden=\"true\" class=\"wp-block-spacer\"><\/div>\n\n\n\n<p class=\"has-text-align-left has-medium-font-size\"><strong>Ytin\u00e9raire <\/strong>vous aide dans la recherche de votre logement et vous propose plusieurs possibilit\u00e9s (contrat de bail, attestation de logement, r\u00e9servation d\u2019h\u00f4tel etc\u2026)<\/p>\n<\/div>\n\n\n\n<div class=\"wp-block-column is-layout-flow wp-block-column-is-layout-flow\"><div class=\"wp-block-image\">\n<figure class=\"alignleft size-large is-resized\"><img decoding=\"async\" loading=\"lazy\" width=\"1024\" height=\"683\" src=\"https:\/\/ytineraire.com\/wp-content\/uploads\/2023\/08\/Student-1024x683.jpg\" alt=\"\" class=\"wp-image-429\" style=\"width:405px;height:270px\" srcset=\"https:\/\/ytineraire.com\/wp-content\/uploads\/2023\/08\/Student-1024x683.jpg 1024w, https:\/\/ytineraire.com\/wp-content\/uploads\/2023\/08\/Student-300x200.jpg 300w, https:\/\/ytineraire.com\/wp-content\/uploads\/2023\/08\/Student-768x512.jpg 768w, https:\/\/ytineraire.com\/wp-content\/uploads\/2023\/08\/Student-1536x1024.jpg 1536w, https:\/\/ytineraire.com\/wp-content\/uploads\/2023\/08\/Student-2048x1365.jpg 2048w, https:\/\/ytineraire.com\/wp-content\/uploads\/2023\/08\/Student-600x400.jpg 600w\" sizes=\"(max-width: 1024px) 100vw, 1024px\" \/><\/figure><\/div><\/div>\n<\/div>\n\n\n\n<p class=\"has-medium-font-size\"><\/p>\n\n\n\n<p><\/p>\n\n\n\n<p class=\"has-medium-font-size\"><strong>Formulaire recherche de logements<\/strong><\/p>\n\n\n\n<div class=\"wp-block-columns are-vertically-aligned-top is-layout-flex wp-container-8 wp-block-columns-is-layout-flex\">\n<div class=\"wp-block-column is-vertically-aligned-top is-layout-flow wp-block-column-is-layout-flow\" style=\"flex-basis:100%\">\n<div class=\"wp-block-group is-layout-constrained wp-block-group-is-layout-constrained\"><div class=\"wp-block-group__inner-container\">\n<div class=\"wp-block-columns is-layout-flex wp-container-5 wp-block-columns-is-layout-flex\">\n<div class=\"wp-block-column is-layout-flow wp-block-column-is-layout-flow\" style=\"flex-basis:100%\"><div class=\"wpforms-container wpforms-container-full wpforms-block wpforms-block-5e3ba7de-a813-4ecb-9219-08c35ab285be wpforms-render-modern\" id=\"wpforms-44\"><form id=\"wpforms-form-44\" class=\"wpforms-validate wpforms-form wpforms-ajax-form\" data-formid=\"44\" method=\"post\" enctype=\"multipart\/form-data\" action=\"\/index.php?rest_route=%2Fwp%2Fv2%2Fpages%2F52\" data-token=\"918ac444fd6b7ae0779d418fd8c75f11\" data-token-time=\"1775662765\"><noscript class=\"wpforms-error-noscript\">Veuillez activer JavaScript dans votre navigateur pour remplir ce formulaire.<\/noscript><div id=\"wpforms-error-noscript\" style=\"display: none;\">Veuillez activer JavaScript dans votre navigateur pour remplir ce formulaire.<\/div><div class=\"wpforms-field-container\"><div id=\"wpforms-44-field_0-container\" class=\"wpforms-field wpforms-field-name\" data-field-id=\"0\"><fieldset><legend class=\"wpforms-field-label\">Veuillez remplir les informations ci-dessous :  <span class=\"wpforms-required-label\" aria-hidden=\"true\">*<\/span><\/legend><div class=\"wpforms-field-row wpforms-field-medium\"><div class=\"wpforms-field-row-block wpforms-first wpforms-one-half\"><input type=\"text\" id=\"wpforms-44-field_0\" class=\"wpforms-field-name-first wpforms-field-required\" name=\"wpforms[fields][0][first]\" aria-errormessage=\"wpforms-44-field_0-error\" required><label for=\"wpforms-44-field_0\" class=\"wpforms-field-sublabel after\">Pr\u00e9nom<\/label><\/div><div class=\"wpforms-field-row-block wpforms-one-half\"><input type=\"text\" id=\"wpforms-44-field_0-last\" class=\"wpforms-field-name-last wpforms-field-required\" name=\"wpforms[fields][0][last]\" aria-errormessage=\"wpforms-44-field_0-last-error\" required><label for=\"wpforms-44-field_0-last\" class=\"wpforms-field-sublabel after\">Nom<\/label><\/div><\/div><\/fieldset><\/div><div id=\"wpforms-44-field_21-container\" class=\"wpforms-field wpforms-field-email\" data-field-id=\"21\"><label class=\"wpforms-field-label\" for=\"wpforms-44-field_21\">E-mail <span class=\"wpforms-required-label\" aria-hidden=\"true\">*<\/span><\/label><input type=\"email\" id=\"wpforms-44-field_21\" class=\"wpforms-field-medium wpforms-field-required\" name=\"wpforms[fields][21]\" spellcheck=\"false\" aria-errormessage=\"wpforms-44-field_21-error\" required><\/div><div id=\"wpforms-44-field_22-container\" class=\"wpforms-field wpforms-field-text\" data-field-id=\"22\"><label class=\"wpforms-field-label\" for=\"wpforms-44-field_22\">Pays de r\u00e9sidence <span class=\"wpforms-required-label\" aria-hidden=\"true\">*<\/span><\/label><input type=\"text\" id=\"wpforms-44-field_22\" class=\"wpforms-field-medium wpforms-field-required\" name=\"wpforms[fields][22]\" aria-errormessage=\"wpforms-44-field_22-error\" required><\/div><div id=\"wpforms-44-field_27-container\" class=\"wpforms-field wpforms-field-text\" data-field-id=\"27\"><label class=\"wpforms-field-label\" for=\"wpforms-44-field_27\">T\u00e9l\u00e9phone <span class=\"wpforms-required-label\" aria-hidden=\"true\">*<\/span><\/label><input type=\"text\" id=\"wpforms-44-field_27\" class=\"wpforms-field-small wpforms-field-required\" name=\"wpforms[fields][27]\" aria-errormessage=\"wpforms-44-field_27-error\" required><\/div><div id=\"wpforms-44-field_30-container\" class=\"wpforms-field wpforms-field-select wpforms-field-select-style-modern\" data-field-id=\"30\"><label class=\"wpforms-field-label\" for=\"wpforms-44-field_30\">Ville souhait\u00e9e (En France) <span class=\"wpforms-required-label\" aria-hidden=\"true\">*<\/span><\/label><select id=\"wpforms-44-field_30\" class=\"wpforms-field-medium wpforms-field-required choicesjs-select\" data-size-class=\"wpforms-field-row wpforms-field-medium\" data-search-enabled=\"1\" name=\"wpforms[fields][30]\" required=\"required\"><option value=\"\" class=\"placeholder\" disabled ><\/option><option value=\"Paris\"  selected='selected' class=\"choice-1 depth-1\"  >Paris<\/option><option value=\"Marseille\"  class=\"choice-2 depth-1\"  >Marseille<\/option><option value=\"Lyon\"  class=\"choice-3 depth-1\"  >Lyon<\/option><option value=\"Toulouse\"  class=\"choice-4 depth-1\"  >Toulouse<\/option><option value=\"Nice\"  class=\"choice-5 depth-1\"  >Nice<\/option><option value=\"Nantes\"  class=\"choice-6 depth-1\"  >Nantes<\/option><option value=\"Montpellier\"  class=\"choice-7 depth-1\"  >Montpellier<\/option><option value=\"Strasbourg\"  class=\"choice-8 depth-1\"  >Strasbourg<\/option><option value=\"Bordeaux\"  class=\"choice-9 depth-1\"  >Bordeaux<\/option><option value=\"Lille\"  class=\"choice-10 depth-1\"  >Lille<\/option><option value=\"Rennes\"  class=\"choice-11 depth-1\"  >Rennes<\/option><option value=\"Reims\"  class=\"choice-12 depth-1\"  >Reims<\/option><option value=\"Saint-Etienne\"  class=\"choice-13 depth-1\"  >Saint-Etienne<\/option><option value=\"Le Havre\"  class=\"choice-14 depth-1\"  >Le Havre<\/option><option value=\"Toulon\"  class=\"choice-15 depth-1\"  >Toulon<\/option><option value=\"Grenoble\"  class=\"choice-16 depth-1\"  >Grenoble<\/option><option value=\"Dijon\"  class=\"choice-17 depth-1\"  >Dijon<\/option><option value=\"Angers\"  class=\"choice-18 depth-1\"  >Angers<\/option><option value=\"N\u00eemes\"  class=\"choice-19 depth-1\"  >N\u00eemes<\/option><option value=\"Villeurbanne\"  class=\"choice-20 depth-1\"  >Villeurbanne<\/option><option value=\"Autres (Pr\u00e9cisez)\"  class=\"choice-21 depth-1\"  >Autres (Pr\u00e9cisez)<\/option><\/select><\/div><div id=\"wpforms-44-field_31-container\" class=\"wpforms-field wpforms-field-text\" data-field-id=\"31\"><label class=\"wpforms-field-label\" for=\"wpforms-44-field_31\">Si autre pr\u00e9cisez :<\/label><input type=\"text\" id=\"wpforms-44-field_31\" class=\"wpforms-field-small\" name=\"wpforms[fields][31]\" aria-errormessage=\"wpforms-44-field_31-error\" ><\/div><div id=\"wpforms-44-field_33-container\" class=\"wpforms-field wpforms-field-select wpforms-field-select-style-classic\" data-field-id=\"33\"><label class=\"wpforms-field-label\" for=\"wpforms-44-field_33\">Type de logement <span class=\"wpforms-required-label\" aria-hidden=\"true\">*<\/span><\/label><select id=\"wpforms-44-field_33\" class=\"wpforms-field-small wpforms-field-required\" name=\"wpforms[fields][33]\" required=\"required\"><option value=\"Studio\"  selected='selected' class=\"choice-1 depth-1\"  >Studio<\/option><option value=\"T1\"  class=\"choice-2 depth-1\"  >T1<\/option><option value=\"T2\"  class=\"choice-3 depth-1\"  >T2<\/option><option value=\"T3\"  class=\"choice-4 depth-1\"  >T3<\/option><option value=\"T4\"  class=\"choice-5 depth-1\"  >T4<\/option><option value=\"Maison\"  class=\"choice-6 depth-1\"  >Maison<\/option><\/select><\/div><div id=\"wpforms-44-field_37-container\" class=\"wpforms-field wpforms-field-text\" data-field-id=\"37\"><label class=\"wpforms-field-label\" for=\"wpforms-44-field_37\">Superficie  <span class=\"wpforms-required-label\" aria-hidden=\"true\">*<\/span><\/label><input type=\"text\" id=\"wpforms-44-field_37\" class=\"wpforms-field-small wpforms-field-required\" name=\"wpforms[fields][37]\" value=\"m2\" aria-errormessage=\"wpforms-44-field_37-error\" required><\/div><div id=\"wpforms-44-field_36-container\" class=\"wpforms-field wpforms-field-text\" data-field-id=\"36\"><label class=\"wpforms-field-label\" for=\"wpforms-44-field_36\">Budget loyer <span class=\"wpforms-required-label\" aria-hidden=\"true\">*<\/span><\/label><input type=\"text\" id=\"wpforms-44-field_36\" class=\"wpforms-field-small wpforms-field-required\" name=\"wpforms[fields][36]\" value=\"\u20ac\" aria-errormessage=\"wpforms-44-field_36-error\" required><\/div><div id=\"wpforms-44-field_39-container\" class=\"wpforms-field wpforms-field-name\" data-field-id=\"39\"><fieldset><legend class=\"wpforms-field-label\">Garant <span class=\"wpforms-required-label\" aria-hidden=\"true\">*<\/span><\/legend><div class=\"wpforms-field-row wpforms-field-medium\"><div class=\"wpforms-field-row-block wpforms-first wpforms-one-half\"><input type=\"text\" id=\"wpforms-44-field_39\" class=\"wpforms-field-name-first wpforms-field-required\" name=\"wpforms[fields][39][first]\" aria-errormessage=\"wpforms-44-field_39-error\" required><label for=\"wpforms-44-field_39\" class=\"wpforms-field-sublabel after\">Pr\u00e9nom<\/label><\/div><div class=\"wpforms-field-row-block wpforms-one-half\"><input type=\"text\" id=\"wpforms-44-field_39-last\" class=\"wpforms-field-name-last wpforms-field-required\" name=\"wpforms[fields][39][last]\" aria-errormessage=\"wpforms-44-field_39-last-error\" required><label for=\"wpforms-44-field_39-last\" class=\"wpforms-field-sublabel after\">Nom<\/label><\/div><\/div><\/fieldset><\/div><div id=\"wpforms-44-field_40-container\" class=\"wpforms-field wpforms-field-textarea\" data-field-id=\"40\"><label class=\"wpforms-field-label\" for=\"wpforms-44-field_40\">Une question ? <\/label><textarea id=\"wpforms-44-field_40\" class=\"wpforms-field-medium\" name=\"wpforms[fields][40]\" aria-errormessage=\"wpforms-44-field_40-error\" ><\/textarea><\/div><div id=\"wpforms-44-field_41-container\" class=\"wpforms-field wpforms-field-checkbox\" data-field-id=\"41\"><fieldset><legend class=\"wpforms-field-label\">Consentement <span class=\"wpforms-required-label\" aria-hidden=\"true\">*<\/span><\/legend><ul id=\"wpforms-44-field_41\" class=\"wpforms-field-required\"><li class=\"choice-1 depth-1\"><input type=\"checkbox\" id=\"wpforms-44-field_41_1\" name=\"wpforms[fields][41][]\" value=\"En cochant cette case, j\u2019accepte et reconnais avoir pris connaissance de la politique de confidentialit\u00e9 ci-dessous\" aria-errormessage=\"wpforms-44-field_41_1-error\" required ><label class=\"wpforms-field-label-inline\" for=\"wpforms-44-field_41_1\">En cochant cette case, j\u2019accepte et reconnais avoir pris connaissance de la politique de confidentialit\u00e9 ci-dessous<\/label><\/li><\/ul><\/fieldset><\/div><\/div><!-- .wpforms-field-container -->\r\n\t\t\t<script>\r\n\t\t\tif ( typeof huOptions !== 'undefined' ) {\r\n\t\t\t\tvar huFormData = {\"source\":\"wpforms\",\"id\":44,\"title\":\"Formulaire recherche de logement\",\"fields\":{\"subject\":{\"first_name\":\"\",\"last_name\":\"\"}}};\r\n\t\t\t\tvar huFormNode = document.querySelector( '[id=\"wpforms-44\"] form' );\r\n\r\n\t\t\t\tvar firstName = huFormNode.querySelector( 'input.wpforms-field-name-first' );\r\n\t\t\t\tvar lastName = huFormNode.querySelector( 'input.wpforms-field-name-last' );\r\n\r\n\t\t\t\tif ( firstName )\r\n\t\t\t\t\thuFormData['fields']['subject']['first_name'] = firstName.getAttribute( 'name' );\r\n\r\n\t\t\t\tif ( lastName )\r\n\t\t\t\t\thuFormData['fields']['subject']['last_name'] = lastName.getAttribute( 'name' );\r\n\r\n\t\t\t\thuFormData['node'] = huFormNode;\r\n\t\t\t\thuOptions['forms'].push( huFormData );\r\n\t\t\t}\r\n\t\t\t<\/script><div class=\"wpforms-recaptcha-container wpforms-is-recaptcha wpforms-is-recaptcha-type-invisible\" ><div class=\"g-recaptcha\" data-sitekey=\"6LcPFJYnAAAAAOQyN9LJ_xgsrYZQi-CJuHTNE_Vg\" data-size=\"invisible\"><\/div><\/div><div class=\"wpforms-submit-container\" ><input type=\"hidden\" name=\"wpforms[id]\" value=\"44\"><input type=\"hidden\" name=\"page_title\" value=\"\"><input type=\"hidden\" name=\"page_url\" value=\"https:\/\/ytineraire.com\/index.php?rest_route=\/wp\/v2\/pages\/52\"><input type=\"hidden\" name=\"url_referer\" value=\"\"><button type=\"submit\" name=\"wpforms[submit]\" id=\"wpforms-submit-44\" class=\"wpforms-submit\" data-alt-text=\"Envoi en cours ...\" data-submit-text=\"Envoyer\" aria-live=\"assertive\" value=\"wpforms-submit\">Envoyer<\/button><img decoding=\"async\" loading=\"lazy\" src=\"https:\/\/ytineraire.com\/wp-content\/plugins\/wpforms-lite\/assets\/images\/submit-spin.svg\" class=\"wpforms-submit-spinner\" style=\"display: none;\" width=\"26\" height=\"26\" alt=\"Chargement en cours\"><\/div><\/form><\/div>  <!-- .wpforms-container --><\/div>\n<\/div>\n<\/div><\/div>\n<\/div>\n<\/div>\n","protected":false},"excerpt":{"rendered":"<p>Logements \u00e9tudiants Ytin\u00e9raire vous aide dans la recherche de votre logement et vous propose plusieurs possibilit\u00e9s (contrat de bail, attestation de logement, r\u00e9servation d\u2019h\u00f4tel etc\u2026) Formulaire recherche de logements<\/p>\n","protected":false},"author":1,"featured_media":24,"parent":0,"menu_order":0,"comment_status":"closed","ping_status":"closed","template":"","meta":{"om_disable_all_campaigns":false,"_monsterinsights_skip_tracking":false,"_monsterinsights_sitenote_active":false,"_monsterinsights_sitenote_note":"","_monsterinsights_sitenote_category":0,"footnotes":""},"aioseo_notices":[],"_links":{"self":[{"href":"https:\/\/ytineraire.com\/index.php?rest_route=\/wp\/v2\/pages\/52"}],"collection":[{"href":"https:\/\/ytineraire.com\/index.php?rest_route=\/wp\/v2\/pages"}],"about":[{"href":"https:\/\/ytineraire.com\/index.php?rest_route=\/wp\/v2\/types\/page"}],"author":[{"embeddable":true,"href":"https:\/\/ytineraire.com\/index.php?rest_route=\/wp\/v2\/users\/1"}],"replies":[{"embeddable":true,"href":"https:\/\/ytineraire.com\/index.php?rest_route=%2Fwp%2Fv2%2Fcomments&post=52"}],"version-history":[{"count":32,"href":"https:\/\/ytineraire.com\/index.php?rest_route=\/wp\/v2\/pages\/52\/revisions"}],"predecessor-version":[{"id":260,"href":"https:\/\/ytineraire.com\/index.php?rest_route=\/wp\/v2\/pages\/52\/revisions\/260"}],"wp:featuredmedia":[{"embeddable":true,"href":"https:\/\/ytineraire.com\/index.php?rest_route=\/wp\/v2\/media\/24"}],"wp:attachment":[{"href":"https:\/\/ytineraire.com\/index.php?rest_route=%2Fwp%2Fv2%2Fmedia&parent=52"}],"curies":[{"name":"wp","href":"https:\/\/api.w.org\/{rel}","templated":true}]}}