{"id":254,"date":"2023-08-17T18:35:42","date_gmt":"2023-08-17T16:35:42","guid":{"rendered":"https:\/\/ytineraire.com\/?page_id=254"},"modified":"2023-08-17T18:34:52","modified_gmt":"2023-08-17T16:34:52","slug":"contactez-nous","status":"publish","type":"page","link":"https:\/\/ytineraire.com\/?page_id=254","title":{"rendered":"Contactez-nous"},"content":{"rendered":"<div class=\"wpforms-container wpforms-container-full wpforms-block wpforms-block-386890aa-2263-4824-be9c-164131079e44 wpforms-render-modern\" id=\"wpforms-191\"><form id=\"wpforms-form-191\" class=\"wpforms-validate wpforms-form wpforms-ajax-form\" data-formid=\"191\" method=\"post\" enctype=\"multipart\/form-data\" action=\"\/index.php?rest_route=%2Fwp%2Fv2%2Fpages%2F254\" data-token=\"5dd0b79f542a9da08590fc3a9bacd9be\" data-token-time=\"1777859835\"><noscript class=\"wpforms-error-noscript\">Veuillez activer JavaScript dans votre navigateur pour remplir ce formulaire.<\/noscript><div id=\"wpforms-error-noscript\" style=\"display: none;\">Veuillez activer JavaScript dans votre navigateur pour remplir ce formulaire.<\/div><div class=\"wpforms-field-container\"><div id=\"wpforms-191-field_30-container\" class=\"wpforms-field wpforms-field-radio\" data-field-id=\"30\"><fieldset><legend class=\"wpforms-field-label\">Civilit\u00e9 : <span class=\"wpforms-required-label\" aria-hidden=\"true\">*<\/span><\/legend><ul id=\"wpforms-191-field_30\" class=\"wpforms-field-required\"><li class=\"choice-1 depth-1\"><input type=\"radio\" id=\"wpforms-191-field_30_1\" name=\"wpforms[fields][30]\" value=\"Monsieur\" aria-errormessage=\"wpforms-191-field_30_1-error\" required ><label class=\"wpforms-field-label-inline\" for=\"wpforms-191-field_30_1\">Monsieur<\/label><\/li><li class=\"choice-2 depth-1\"><input type=\"radio\" id=\"wpforms-191-field_30_2\" name=\"wpforms[fields][30]\" value=\"Madame\" aria-errormessage=\"wpforms-191-field_30_2-error\" required ><label class=\"wpforms-field-label-inline\" for=\"wpforms-191-field_30_2\">Madame<\/label><\/li><\/ul><\/fieldset><\/div><div id=\"wpforms-191-field_0-container\" class=\"wpforms-field wpforms-field-name\" data-field-id=\"0\"><fieldset><legend class=\"wpforms-field-label\">Votre pr\u00e9nom \/ nom : <span class=\"wpforms-required-label\" aria-hidden=\"true\">*<\/span><\/legend><div class=\"wpforms-field-row wpforms-field-large\"><div class=\"wpforms-field-row-block wpforms-first wpforms-one-half\"><input type=\"text\" id=\"wpforms-191-field_0\" class=\"wpforms-field-name-first wpforms-field-required\" name=\"wpforms[fields][0][first]\" aria-errormessage=\"wpforms-191-field_0-error\" required><label for=\"wpforms-191-field_0\" class=\"wpforms-field-sublabel after\">Pr\u00e9nom<\/label><\/div><div class=\"wpforms-field-row-block wpforms-one-half\"><input type=\"text\" id=\"wpforms-191-field_0-last\" class=\"wpforms-field-name-last wpforms-field-required\" name=\"wpforms[fields][0][last]\" aria-errormessage=\"wpforms-191-field_0-last-error\" required><label for=\"wpforms-191-field_0-last\" class=\"wpforms-field-sublabel after\">Nom<\/label><\/div><\/div><\/fieldset><\/div><div id=\"wpforms-191-field_4-container\" class=\"wpforms-field wpforms-field-text\" data-field-id=\"4\"><label class=\"wpforms-field-label\" for=\"wpforms-191-field_4\">Pays de r\u00e9sidence <span class=\"wpforms-required-label\" aria-hidden=\"true\">*<\/span><\/label><input type=\"text\" id=\"wpforms-191-field_4\" class=\"wpforms-field-medium wpforms-field-required\" name=\"wpforms[fields][4]\" aria-errormessage=\"wpforms-191-field_4-error\" aria-describedby=\"wpforms-191-field_4-description\" required><div id=\"wpforms-191-field_4-description\" class=\"wpforms-field-description\">Indiquez votre pays de r\u00e9sidence habituelle<\/div><\/div><div id=\"wpforms-191-field_42-container\" class=\"wpforms-field wpforms-field-text\" data-field-id=\"42\"><label class=\"wpforms-field-label\" for=\"wpforms-191-field_42\">Nationalit\u00e9 <span class=\"wpforms-required-label\" aria-hidden=\"true\">*<\/span><\/label><input type=\"text\" id=\"wpforms-191-field_42\" class=\"wpforms-field-medium wpforms-field-required\" name=\"wpforms[fields][42]\" aria-errormessage=\"wpforms-191-field_42-error\" required><\/div><div id=\"wpforms-191-field_31-container\" class=\"wpforms-field wpforms-field-email\" data-field-id=\"31\"><label class=\"wpforms-field-label\" for=\"wpforms-191-field_31\">E-mail <span class=\"wpforms-required-label\" aria-hidden=\"true\">*<\/span><\/label><input type=\"email\" id=\"wpforms-191-field_31\" class=\"wpforms-field-medium wpforms-field-required\" name=\"wpforms[fields][31]\" spellcheck=\"false\" aria-errormessage=\"wpforms-191-field_31-error\" aria-describedby=\"wpforms-191-field_31-description\" required><div id=\"wpforms-191-field_31-description\" class=\"wpforms-field-description\">Nous vous r\u00e9pondrons sur cet E-mail<\/div><\/div><div id=\"wpforms-191-field_33-container\" class=\"wpforms-field wpforms-field-text\" data-field-id=\"33\"><label class=\"wpforms-field-label\" for=\"wpforms-191-field_33\">Num\u00e9ro de t\u00e9l\u00e9phone :  <span class=\"wpforms-required-label\" aria-hidden=\"true\">*<\/span><\/label><input type=\"text\" id=\"wpforms-191-field_33\" class=\"wpforms-field-small wpforms-field-required\" name=\"wpforms[fields][33]\" placeholder=\"+\" aria-errormessage=\"wpforms-191-field_33-error\" aria-describedby=\"wpforms-191-field_33-description\" required><div id=\"wpforms-191-field_33-description\" class=\"wpforms-field-description\">Pr\u00e9cisez l&rsquo;indicatif du pays<\/div><\/div><div id=\"wpforms-191-field_34-container\" class=\"wpforms-field wpforms-field-text\" data-field-id=\"34\"><label class=\"wpforms-field-label\" for=\"wpforms-191-field_34\">Votre domaine d&#039;\u00e9tudes :  <span class=\"wpforms-required-label\" aria-hidden=\"true\">*<\/span><\/label><input type=\"text\" id=\"wpforms-191-field_34\" class=\"wpforms-field-medium wpforms-field-required\" name=\"wpforms[fields][34]\" aria-errormessage=\"wpforms-191-field_34-error\" required><\/div><div id=\"wpforms-191-field_35-container\" class=\"wpforms-field wpforms-field-text\" data-field-id=\"35\"><label class=\"wpforms-field-label\" for=\"wpforms-191-field_35\">Votre niveau d&#039;\u00e9tudes actuel :  <span class=\"wpforms-required-label\" aria-hidden=\"true\">*<\/span><\/label><input type=\"text\" id=\"wpforms-191-field_35\" class=\"wpforms-field-medium wpforms-field-required\" name=\"wpforms[fields][35]\" aria-errormessage=\"wpforms-191-field_35-error\" required><\/div><div id=\"wpforms-191-field_7-container\" class=\"wpforms-field wpforms-field-checkbox wpforms-list-2-columns\" data-field-id=\"7\"><fieldset><legend class=\"wpforms-field-label\">Votre situation actuelle : <\/legend><ul id=\"wpforms-191-field_7\"><li class=\"choice-1 depth-1\"><input type=\"checkbox\" id=\"wpforms-191-field_7_1\" name=\"wpforms[fields][7][]\" value=\"El\u00e8ve\" aria-errormessage=\"wpforms-191-field_7_1-error\"  ><label class=\"wpforms-field-label-inline\" for=\"wpforms-191-field_7_1\">El\u00e8ve<\/label><\/li><li class=\"choice-2 depth-1\"><input type=\"checkbox\" id=\"wpforms-191-field_7_2\" name=\"wpforms[fields][7][]\" value=\"Etudiant\" aria-errormessage=\"wpforms-191-field_7_2-error\"  ><label class=\"wpforms-field-label-inline\" for=\"wpforms-191-field_7_2\">Etudiant<\/label><\/li><li class=\"choice-3 depth-1\"><input type=\"checkbox\" id=\"wpforms-191-field_7_3\" name=\"wpforms[fields][7][]\" value=\"Stagiaire\" aria-errormessage=\"wpforms-191-field_7_3-error\"  ><label class=\"wpforms-field-label-inline\" for=\"wpforms-191-field_7_3\">Stagiaire<\/label><\/li><li class=\"choice-4 depth-1\"><input type=\"checkbox\" id=\"wpforms-191-field_7_4\" name=\"wpforms[fields][7][]\" value=\"Salari\u00e9\" aria-errormessage=\"wpforms-191-field_7_4-error\"  ><label class=\"wpforms-field-label-inline\" for=\"wpforms-191-field_7_4\">Salari\u00e9<\/label><\/li><\/ul><\/fieldset><\/div><div id=\"wpforms-191-field_38-container\" class=\"wpforms-field wpforms-field-text\" data-field-id=\"38\"><label class=\"wpforms-field-label\" for=\"wpforms-191-field_38\">Votre budget :  <span class=\"wpforms-required-label\" aria-hidden=\"true\">*<\/span><\/label><input type=\"text\" id=\"wpforms-191-field_38\" class=\"wpforms-field-small wpforms-field-required\" name=\"wpforms[fields][38]\" placeholder=\"\u20ac\" aria-errormessage=\"wpforms-191-field_38-error\" required><\/div><div id=\"wpforms-191-field_39-container\" class=\"wpforms-field wpforms-field-textarea\" data-field-id=\"39\"><label class=\"wpforms-field-label\" for=\"wpforms-191-field_39\">Votre projet d&#039;\u00e9tude d\u00e9taill\u00e9 : <span class=\"wpforms-required-label\" aria-hidden=\"true\">*<\/span><\/label><textarea id=\"wpforms-191-field_39\" class=\"wpforms-field-medium wpforms-field-required\" name=\"wpforms[fields][39]\" aria-errormessage=\"wpforms-191-field_39-error\" required><\/textarea><\/div><div id=\"wpforms-191-field_40-container\" class=\"wpforms-field wpforms-field-textarea\" data-field-id=\"40\"><label class=\"wpforms-field-label\" for=\"wpforms-191-field_40\">Votre projet professionnel  <span class=\"wpforms-required-label\" aria-hidden=\"true\">*<\/span><\/label><textarea id=\"wpforms-191-field_40\" class=\"wpforms-field-medium wpforms-field-required\" name=\"wpforms[fields][40]\" aria-errormessage=\"wpforms-191-field_40-error\" aria-describedby=\"wpforms-191-field_40-description\" required><\/textarea><div id=\"wpforms-191-field_40-description\" class=\"wpforms-field-description\">Indiquez le m\u00e9tier que vous souhaitez exercer<\/div><\/div><div id=\"wpforms-191-field_41-container\" class=\"wpforms-field wpforms-field-text\" data-field-id=\"41\"><label class=\"wpforms-field-label\" for=\"wpforms-191-field_41\">Vos exp\u00e9riences professionnelles (stages, CDD, CDI etc\u2026) <span class=\"wpforms-required-label\" aria-hidden=\"true\">*<\/span><\/label><input type=\"text\" id=\"wpforms-191-field_41\" class=\"wpforms-field-medium wpforms-field-required\" name=\"wpforms[fields][41]\" aria-errormessage=\"wpforms-191-field_41-error\" required><\/div><div id=\"wpforms-191-field_15-container\" class=\"wpforms-field wpforms-field-checkbox\" data-field-id=\"15\"><fieldset><legend class=\"wpforms-field-label\">Consentement\u00a0 <span class=\"wpforms-required-label\" aria-hidden=\"true\">*<\/span><\/legend><ul id=\"wpforms-191-field_15\" class=\"wpforms-field-required\"><li class=\"choice-1 depth-1\"><input type=\"checkbox\" id=\"wpforms-191-field_15_1\" name=\"wpforms[fields][15][]\" value=\"En cochant cette case, j\u2019accepte et reconnais avoir pris connaissance de la politique de confidentialit\u00e9 ci-dessous\" aria-errormessage=\"wpforms-191-field_15_1-error\" required ><label class=\"wpforms-field-label-inline\" for=\"wpforms-191-field_15_1\">En cochant cette case, j\u2019accepte et reconnais avoir pris connaissance de la politique de confidentialit\u00e9 ci-dessous<\/label><\/li><\/ul><\/fieldset><\/div><\/div><!-- .wpforms-field-container -->\r\n\t\t\t<script>\r\n\t\t\tif ( typeof huOptions !== 'undefined' ) {\r\n\t\t\t\tvar huFormData = {\"source\":\"wpforms\",\"id\":191,\"title\":\"Contactez-nous\",\"fields\":{\"subject\":{\"first_name\":\"\",\"last_name\":\"\"}}};\r\n\t\t\t\tvar huFormNode = document.querySelector( '[id=\"wpforms-191\"] form' );\r\n\r\n\t\t\t\tvar firstName = huFormNode.querySelector( 'input.wpforms-field-name-first' );\r\n\t\t\t\tvar lastName = huFormNode.querySelector( 'input.wpforms-field-name-last' );\r\n\r\n\t\t\t\tif ( firstName )\r\n\t\t\t\t\thuFormData['fields']['subject']['first_name'] = firstName.getAttribute( 'name' );\r\n\r\n\t\t\t\tif ( lastName )\r\n\t\t\t\t\thuFormData['fields']['subject']['last_name'] = lastName.getAttribute( 'name' );\r\n\r\n\t\t\t\thuFormData['node'] = huFormNode;\r\n\t\t\t\thuOptions['forms'].push( huFormData );\r\n\t\t\t}\r\n\t\t\t<\/script><div class=\"wpforms-recaptcha-container wpforms-is-recaptcha wpforms-is-recaptcha-type-invisible\" ><div class=\"g-recaptcha\" data-sitekey=\"6LcPFJYnAAAAAOQyN9LJ_xgsrYZQi-CJuHTNE_Vg\" data-size=\"invisible\"><\/div><\/div><div class=\"wpforms-submit-container\" ><input type=\"hidden\" name=\"wpforms[id]\" value=\"191\"><input type=\"hidden\" name=\"page_title\" value=\"\"><input type=\"hidden\" name=\"page_url\" value=\"https:\/\/ytineraire.com\/index.php?rest_route=\/wp\/v2\/pages\/254\"><input type=\"hidden\" name=\"url_referer\" value=\"\"><button type=\"submit\" name=\"wpforms[submit]\" id=\"wpforms-submit-191\" class=\"wpforms-submit\" data-alt-text=\"Envoi en cours...\" data-submit-text=\"Envoyer\" aria-live=\"assertive\" value=\"wpforms-submit\">Envoyer<\/button><img decoding=\"async\" loading=\"lazy\" src=\"https:\/\/ytineraire.com\/wp-content\/plugins\/wpforms-lite\/assets\/images\/submit-spin.svg\" class=\"wpforms-submit-spinner\" style=\"display: none;\" width=\"26\" height=\"26\" alt=\"Chargement en cours\"><\/div><\/form><\/div>  <!-- .wpforms-container -->","protected":false},"excerpt":{"rendered":"","protected":false},"author":1,"featured_media":0,"parent":0,"menu_order":0,"comment_status":"closed","ping_status":"closed","template":"","meta":{"om_disable_all_campaigns":false,"_monsterinsights_skip_tracking":false,"_monsterinsights_sitenote_active":false,"_monsterinsights_sitenote_note":"","_monsterinsights_sitenote_category":0,"footnotes":""},"aioseo_notices":[],"_links":{"self":[{"href":"https:\/\/ytineraire.com\/index.php?rest_route=\/wp\/v2\/pages\/254"}],"collection":[{"href":"https:\/\/ytineraire.com\/index.php?rest_route=\/wp\/v2\/pages"}],"about":[{"href":"https:\/\/ytineraire.com\/index.php?rest_route=\/wp\/v2\/types\/page"}],"author":[{"embeddable":true,"href":"https:\/\/ytineraire.com\/index.php?rest_route=\/wp\/v2\/users\/1"}],"replies":[{"embeddable":true,"href":"https:\/\/ytineraire.com\/index.php?rest_route=%2Fwp%2Fv2%2Fcomments&post=254"}],"version-history":[{"count":1,"href":"https:\/\/ytineraire.com\/index.php?rest_route=\/wp\/v2\/pages\/254\/revisions"}],"predecessor-version":[{"id":255,"href":"https:\/\/ytineraire.com\/index.php?rest_route=\/wp\/v2\/pages\/254\/revisions\/255"}],"wp:attachment":[{"href":"https:\/\/ytineraire.com\/index.php?rest_route=%2Fwp%2Fv2%2Fmedia&parent=254"}],"curies":[{"name":"wp","href":"https:\/\/api.w.org\/{rel}","templated":true}]}}