{"id":165,"date":"2023-08-10T12:47:50","date_gmt":"2023-08-10T10:47:50","guid":{"rendered":"https:\/\/ytineraire.com\/?page_id=165"},"modified":"2023-08-23T13:14:22","modified_gmt":"2023-08-23T11:14:22","slug":"missions-ytineraire","status":"publish","type":"page","link":"https:\/\/ytineraire.com\/?page_id=165","title":{"rendered":"Missions Ytin\u00e9raire"},"content":{"rendered":"\n<p class=\"has-text-align-center has-large-font-size\"><\/p>\n\n\n\n<div class=\"wp-block-columns is-layout-flex wp-container-4 wp-block-columns-is-layout-flex\">\n<div class=\"wp-block-column is-layout-flow wp-block-column-is-layout-flow\"><\/div>\n\n\n\n<div class=\"wp-block-column is-layout-flow wp-block-column-is-layout-flow\">\n<h2 class=\"wp-block-heading has-text-align-center has-large-font-size\"><strong>Missions Ytin\u00e9raire<\/strong> <\/h2>\n\n\n\n<div style=\"height:100px\" aria-hidden=\"true\" class=\"wp-block-spacer\"><\/div>\n\n\n\n<p><figure class=\"wp-block-image size-full is-resized\"><img decoding=\"async\" loading=\"lazy\" width=\"320\" height=\"320\" class=\"wp-image-505\" style=\"width:320px;height:320px\" src=\"https:\/\/ytineraire.com\/wp-content\/uploads\/2023\/08\/512-1.png\" alt=\"\" srcset=\"https:\/\/ytineraire.com\/wp-content\/uploads\/2023\/08\/512-1.png 512w, https:\/\/ytineraire.com\/wp-content\/uploads\/2023\/08\/512-1-300x300.png 300w, https:\/\/ytineraire.com\/wp-content\/uploads\/2023\/08\/512-1-150x150.png 150w, https:\/\/ytineraire.com\/wp-content\/uploads\/2023\/08\/512-1-100x100.png 100w\" sizes=\"(max-width: 320px) 100vw, 320px\" \/><\/figure><\/p>\n<\/div>\n\n\n\n<div class=\"wp-block-column is-layout-flow wp-block-column-is-layout-flow\"><\/div>\n<\/div>\n\n\n\n<p class=\"has-text-align-center has-large-font-size\"><figure class=\"wp-block-image size-full is-resized\"><\/figure><\/p>\n\n\n\n<div style=\"height:49px\" aria-hidden=\"true\" class=\"wp-block-spacer\"><\/div>\n\n\n\n<p class=\"has-medium-font-size\">Ytin\u00e9raire se veut \u00eatre une association apporteuse de solutions aux diff\u00e9rents questionnements des candidats \u00e0 la mobilit\u00e9 \u00e9tudiante internationale. En effet, quelle \u00e9cole ou universit\u00e9 choisir\u00a0? Le co\u00fbt des \u00e9tudes\u00a0? Le co\u00fbt de la vie en France\u00a0? Quel domaine d\u2019\u00e9tudes\u00a0? Comment pr\u00e9parer son dossier de candidature\u00a0? Comment r\u00e9diger ses lettres de motivation et son CV\u00a0? Mon dipl\u00f4me sera-t-il reconnu\u00a0? Comment faire ma demande de visa\u00a0? Comment trouver un logement\u00a0? Comment valider son visa, cr\u00e9er un compte bancaire\u00a0?<\/p>\n\n\n\n<p class=\"has-medium-font-size\"><br><strong>Notre Mission :<\/strong><\/p>\n\n\n\n<p class=\"has-medium-font-size\"><br>Association \u00e0 but non lucratif, Ytin\u00e9raire est sp\u00e9cialis\u00e9e dans l\u2019accompagnement des \u00e9tudiants internationaux se pr\u00e9parant \u00e0 r\u00e9aliser un projet d\u2019\u00e9tudes en France. Notre mission est de d\u00e9mocratiser, de vulgariser l\u2019acc\u00e8s \u00e0 l\u2019enseignement sup\u00e9rieur de qualit\u00e9, d\u2019aider \u00e0 simplifier les d\u00e9marches administratives li\u00e9es \u00e0 la mobilit\u00e9 \u00e9tudiante. Tout au long de la proc\u00e9dure, un conseiller sera d\u00e9di\u00e9 \u00e0 chaque \u00e9tudiant qui b\u00e9n\u00e9ficiera ainsi d\u2019une expertise r\u00e9elle, d\u2019un suivi personnalis\u00e9 et de proximit\u00e9.<\/p>\n\n\n\n<p class=\"has-medium-font-size\"><br><strong>Notre Ambition&nbsp;:<\/strong><\/p>\n\n\n\n<p class=\"has-medium-font-size\"><br>Notre ambition est de proposer aux \u00e9tudiants en mobilit\u00e9 internationale vers la France, une solution adapt\u00e9e \u00e0 chaque \u00e9tape du parcours de mobilit\u00e9, les aider \u00e0 concr\u00e9tiser leur projet d\u2019\u00e9tudes, faciliter leur int\u00e9gration, leur r\u00e9ussite acad\u00e9mique, professionnelle et sociale via diff\u00e9rents dispositifs mis en place \u00e0 cet effet.<\/p>\n\n\n\n<div style=\"height:100px\" aria-hidden=\"true\" class=\"wp-block-spacer\"><\/div>\n\n\n\n<div class=\"wp-block-cover is-light\" style=\"min-height:53px\"><span aria-hidden=\"true\" class=\"wp-block-cover__background has-luminous-vivid-amber-background-color has-background-dim-100 has-background-dim\"><\/span><div class=\"wp-block-cover__inner-container is-layout-constrained wp-block-cover-is-layout-constrained\">\n<p class=\"has-text-align-center has-medium-font-size\"><strong>Nos conseillers se tiennent \u00e0 votre disposition pour vous aider \u00e0 r\u00e9aliser votre projet d\u2019\u00e9tudes en toute s\u00e9r\u00e9nit\u00e9\u00a0!<\/strong><\/p>\n<\/div><\/div>\n","protected":false},"excerpt":{"rendered":"<p>Missions Ytin\u00e9raire Ytin\u00e9raire se veut \u00eatre une association apporteuse de solutions aux diff\u00e9rents questionnements des candidats \u00e0 la mobilit\u00e9 \u00e9tudiante internationale. En effet, quelle \u00e9cole ou universit\u00e9 choisir\u00a0? Le co\u00fbt des \u00e9tudes\u00a0? Le co\u00fbt de la vie en France\u00a0? Quel domaine d\u2019\u00e9tudes\u00a0? Comment pr\u00e9parer son dossier de candidature\u00a0? Comment r\u00e9diger ses lettres de motivation et [&hellip;]<\/p>\n","protected":false},"author":1,"featured_media":0,"parent":0,"menu_order":0,"comment_status":"closed","ping_status":"closed","template":"","meta":{"om_disable_all_campaigns":false,"_monsterinsights_skip_tracking":false,"_monsterinsights_sitenote_active":false,"_monsterinsights_sitenote_note":"","_monsterinsights_sitenote_category":0,"footnotes":""},"aioseo_notices":[],"_links":{"self":[{"href":"https:\/\/ytineraire.com\/index.php?rest_route=\/wp\/v2\/pages\/165"}],"collection":[{"href":"https:\/\/ytineraire.com\/index.php?rest_route=\/wp\/v2\/pages"}],"about":[{"href":"https:\/\/ytineraire.com\/index.php?rest_route=\/wp\/v2\/types\/page"}],"author":[{"embeddable":true,"href":"https:\/\/ytineraire.com\/index.php?rest_route=\/wp\/v2\/users\/1"}],"replies":[{"embeddable":true,"href":"https:\/\/ytineraire.com\/index.php?rest_route=%2Fwp%2Fv2%2Fcomments&post=165"}],"version-history":[{"count":13,"href":"https:\/\/ytineraire.com\/index.php?rest_route=\/wp\/v2\/pages\/165\/revisions"}],"predecessor-version":[{"id":518,"href":"https:\/\/ytineraire.com\/index.php?rest_route=\/wp\/v2\/pages\/165\/revisions\/518"}],"wp:attachment":[{"href":"https:\/\/ytineraire.com\/index.php?rest_route=%2Fwp%2Fv2%2Fmedia&parent=165"}],"curies":[{"name":"wp","href":"https:\/\/api.w.org\/{rel}","templated":true}]}}