{"id":160,"date":"2023-08-10T12:43:53","date_gmt":"2023-08-10T10:43:53","guid":{"rendered":"https:\/\/ytineraire.com\/?page_id=160"},"modified":"2023-08-23T13:01:53","modified_gmt":"2023-08-23T11:01:53","slug":"procedure-ecoles-privees","status":"publish","type":"page","link":"https:\/\/ytineraire.com\/?page_id=160","title":{"rendered":"Proc\u00e9dure \u00e9coles priv\u00e9es"},"content":{"rendered":"\n<div class=\"wp-block-columns is-layout-flex wp-container-4 wp-block-columns-is-layout-flex\">\n<div class=\"wp-block-column is-layout-flow wp-block-column-is-layout-flow\">\n<p class=\"has-text-align-center has-large-font-size\"><strong>Proc\u00e9dure \u00e9coles priv\u00e9es<\/strong><\/p>\n\n\n\n<div class=\"wp-block-buttons is-content-justification-center is-layout-flex wp-container-1 wp-block-buttons-is-layout-flex\">\n<div class=\"wp-block-button\"><a class=\"wp-block-button__link wp-element-button\" href=\"https:\/\/ytineraire.com\/?page_id=254\">Contactez-nous<\/a><\/div>\n<\/div>\n<\/div>\n\n\n\n<div class=\"wp-block-column is-layout-flow wp-block-column-is-layout-flow\">\n<figure class=\"wp-block-image size-large\"><img decoding=\"async\" loading=\"lazy\" width=\"1024\" height=\"683\" src=\"https:\/\/ytineraire.com\/wp-content\/uploads\/2023\/08\/happy-college-student-friends-talking-having-conve-2022-04-14-18-11-43-utc-1024x683.jpg\" alt=\"\" class=\"wp-image-490\" srcset=\"https:\/\/ytineraire.com\/wp-content\/uploads\/2023\/08\/happy-college-student-friends-talking-having-conve-2022-04-14-18-11-43-utc-1024x683.jpg 1024w, https:\/\/ytineraire.com\/wp-content\/uploads\/2023\/08\/happy-college-student-friends-talking-having-conve-2022-04-14-18-11-43-utc-300x200.jpg 300w, https:\/\/ytineraire.com\/wp-content\/uploads\/2023\/08\/happy-college-student-friends-talking-having-conve-2022-04-14-18-11-43-utc-768x512.jpg 768w, https:\/\/ytineraire.com\/wp-content\/uploads\/2023\/08\/happy-college-student-friends-talking-having-conve-2022-04-14-18-11-43-utc-1536x1024.jpg 1536w, https:\/\/ytineraire.com\/wp-content\/uploads\/2023\/08\/happy-college-student-friends-talking-having-conve-2022-04-14-18-11-43-utc-2048x1365.jpg 2048w, https:\/\/ytineraire.com\/wp-content\/uploads\/2023\/08\/happy-college-student-friends-talking-having-conve-2022-04-14-18-11-43-utc-600x400.jpg 600w\" sizes=\"(max-width: 1024px) 100vw, 1024px\" \/><\/figure>\n<\/div>\n<\/div>\n\n\n\n<div style=\"height:35px\" aria-hidden=\"true\" class=\"wp-block-spacer\"><\/div>\n\n\n\n<p class=\"has-luminous-vivid-amber-color has-text-color has-medium-font-size\"><strong>\u00c9tape 1\u00a0: Candidature<\/strong><\/p>\n\n\n\n<p class=\"has-medium-font-size\">Faites-nous parvenir votre candidature via notre formulaire de contact pour que nous puissions vous accompagner tout le long de la proc\u00e9dure.<\/p>\n\n\n\n<div style=\"height:35px\" aria-hidden=\"true\" class=\"wp-block-spacer\"><\/div>\n\n\n\n<p class=\"has-luminous-vivid-amber-color has-text-color has-medium-font-size\"><strong>\u00c9tape 2\u00a0: Travailler son projet d\u2019\u00e9tudes<\/strong><\/p>\n\n\n\n<p class=\"has-medium-font-size\"><br>Quel \u00e9tablissement\u00a0? Quelle formation\u00a0? Comment r\u00e9diger son projet d\u2019\u00e9tudes, son projet<br>professionnel\u00a0? Quels d\u00e9bouch\u00e9s apr\u00e8s la formation\u00a0? Comment financer mon projet\u00a0? Voil\u00e0 autant de questions sur lesquelles il vous faudra travailler pour construire un projet d\u2019\u00e9tudes solide et coh\u00e9rent.<\/p>\n\n\n\n<div style=\"height:35px\" aria-hidden=\"true\" class=\"wp-block-spacer\"><\/div>\n\n\n\n<p class=\"has-luminous-vivid-amber-color has-text-color has-medium-font-size\"><strong>\u00c9tape 3\u00a0: Admission<\/strong><\/p>\n\n\n\n<ul>\n<li class=\"has-medium-font-size\">Envoyez votre candidature au service des admissions internationales<\/li>\n\n\n\n<li class=\"has-medium-font-size\">Certaines \u00e9coles r\u00e9clament des frais d\u2019\u00e9tudes de candidature<\/li>\n\n\n\n<li class=\"has-medium-font-size\">Passez les tests d\u2019admission g\u00e9n\u00e9ralement en distanciel (visio, t\u00e9l\u00e9phone)<\/li>\n\n\n\n<li class=\"has-medium-font-size\">Attendre la r\u00e9ponse de la commission p\u00e9dagogique<\/li>\n\n\n\n<li class=\"has-medium-font-size\">Si candidature retenue, r\u00e9ception de la confirmation d\u2019admission par mail<\/li>\n<\/ul>\n\n\n\n<div style=\"height:35px\" aria-hidden=\"true\" class=\"wp-block-spacer\"><\/div>\n\n\n\n<p class=\"has-luminous-vivid-amber-color has-text-color has-medium-font-size\"><strong>\u00c9tape 4\u00a0: Inscription<\/strong><\/p>\n\n\n\n<p class=\"has-medium-font-size\">Dans la plupart des \u00e9coles, l\u2019obtention de votre attestation d\u2019inscription est conditionn\u00e9e au<br>versement d\u2019un acompte. A la r\u00e9ception de cet acompte, l\u2019\u00e9cole vous enverra votre attestation<br>d\u2019inscription n\u00e9cessaire pour effectuer votre demande de visa \u00e9tudiant.<\/p>\n\n\n\n<ul>\n<li class=\"has-medium-font-size\">Il est important de respecter le d\u00e9lai indiqu\u00e9 pour le versement de l\u2019acompte<\/li>\n\n\n\n<li class=\"has-medium-font-size\">L\u2019acompte sera d\u00e9duit du montant votre scolarit\u00e9<\/li>\n\n\n\n<li class=\"has-medium-font-size\">En cas de refus de visa, selon les \u00e9coles l\u2019acompte vous sera int\u00e9gralement ou partiellement rembours\u00e9<\/li>\n<\/ul>\n\n\n\n<div style=\"height:35px\" aria-hidden=\"true\" class=\"wp-block-spacer\"><\/div>\n\n\n\n<p class=\"has-luminous-vivid-amber-color has-text-color has-medium-font-size\"><strong>\u00c9tape 5\u00a0: La demande de visa \u00e9tudiant<\/strong><\/p>\n\n\n\n<div style=\"height:35px\" aria-hidden=\"true\" class=\"wp-block-spacer\"><\/div>\n\n\n\n<p class=\"has-black-color has-text-color has-medium-font-size\"><strong>Campus France\u00a0:<\/strong><\/p>\n\n\n\n<ul>\n<li class=\"has-medium-font-size\">Cr\u00e9er un compte sur le site de Campus France<\/li>\n\n\n\n<li class=\"has-medium-font-size\">Remplir le dossier \u00e9lectronique Campus France<\/li>\n\n\n\n<li class=\"has-medium-font-size\">Faire votre entretien p\u00e9dagogique aupr\u00e8s de Campus France<\/li>\n\n\n\n<li class=\"has-medium-font-size\">Faire viser votre accord pr\u00e9alable d\u2019inscription par Campus France, puis d\u00e9poser sa demande de visa<\/li>\n<\/ul>\n\n\n\n<p class=\"has-medium-font-size\"><strong>La demande de visa\u00a0:<\/strong><br><br>Votre accord pr\u00e9alable d\u2019inscription vis\u00e9 par Campus France vous permettra d\u2019effectuer votre demande de visa \u00e9tudiant. Le consulat ou l\u2019ambassade de France du lieu de votre r\u00e9sidence vous demandera de justifier de ressources financi\u00e8res suffisantes et d\u2019un logement en France pour l\u2019octroi de votre visa.<\/p>\n\n\n\n<div style=\"height:35px\" aria-hidden=\"true\" class=\"wp-block-spacer\"><\/div>\n\n\n\n<p class=\"has-luminous-vivid-amber-color has-text-color has-medium-font-size\"><strong>\u00c9tape\u00a06\u00a0: Pr\u00e9parer mon d\u00e9part<\/strong><\/p>\n\n\n\n<p class=\"has-medium-font-size\">Il est conseill\u00e9 d\u2019arriver en France 2 \u00e0 3 semaines \u00e0 l\u2019avance pour vous permettre de vous installer confortablement avant le d\u00e9but des cours. Cela vous permettra de vous occuper \u00e9galement de certaines d\u00e9marches administratives\u00a0avant votre rentr\u00e9e<br><\/p>\n\n\n\n<ul>\n<li class=\"has-medium-font-size\">Validation du visa \u00e9tudiant<\/li>\n\n\n\n<li class=\"has-medium-font-size\">Finalisation de l\u2019inscription<\/li>\n\n\n\n<li class=\"has-medium-font-size\">S\u00e9curit\u00e9 sociale, CAF<\/li>\n\n\n\n<li class=\"has-medium-font-size\">Compte bancaire<\/li>\n<\/ul>\n\n\n\n<div style=\"height:69px\" aria-hidden=\"true\" class=\"wp-block-spacer\"><\/div>\n\n\n\n<div class=\"wp-block-cover is-light\" style=\"min-height:50px\"><span aria-hidden=\"true\" class=\"wp-block-cover__background has-luminous-vivid-amber-background-color has-background-dim-100 has-background-dim\"><\/span><div class=\"wp-block-cover__inner-container is-layout-constrained wp-block-cover-is-layout-constrained\">\n<p class=\"has-text-align-center has-medium-font-size\"><strong>Choisissez le bon Ytin\u00e9raire et laissez-vous guider <\/strong><\/p>\n<\/div><\/div>\n","protected":false},"excerpt":{"rendered":"<p>Proc\u00e9dure \u00e9coles priv\u00e9es \u00c9tape 1\u00a0: Candidature Faites-nous parvenir votre candidature via notre formulaire de contact pour que nous puissions vous accompagner tout le long de la proc\u00e9dure. \u00c9tape 2\u00a0: Travailler son projet d\u2019\u00e9tudes Quel \u00e9tablissement\u00a0? Quelle formation\u00a0? Comment r\u00e9diger son projet d\u2019\u00e9tudes, son projetprofessionnel\u00a0? Quels d\u00e9bouch\u00e9s apr\u00e8s la formation\u00a0? Comment financer mon projet\u00a0? Voil\u00e0 autant [&hellip;]<\/p>\n","protected":false},"author":1,"featured_media":0,"parent":0,"menu_order":0,"comment_status":"closed","ping_status":"closed","template":"","meta":{"om_disable_all_campaigns":false,"_monsterinsights_skip_tracking":false,"_monsterinsights_sitenote_active":false,"_monsterinsights_sitenote_note":"","_monsterinsights_sitenote_category":0,"footnotes":""},"aioseo_notices":[],"_links":{"self":[{"href":"https:\/\/ytineraire.com\/index.php?rest_route=\/wp\/v2\/pages\/160"}],"collection":[{"href":"https:\/\/ytineraire.com\/index.php?rest_route=\/wp\/v2\/pages"}],"about":[{"href":"https:\/\/ytineraire.com\/index.php?rest_route=\/wp\/v2\/types\/page"}],"author":[{"embeddable":true,"href":"https:\/\/ytineraire.com\/index.php?rest_route=\/wp\/v2\/users\/1"}],"replies":[{"embeddable":true,"href":"https:\/\/ytineraire.com\/index.php?rest_route=%2Fwp%2Fv2%2Fcomments&post=160"}],"version-history":[{"count":16,"href":"https:\/\/ytineraire.com\/index.php?rest_route=\/wp\/v2\/pages\/160\/revisions"}],"predecessor-version":[{"id":499,"href":"https:\/\/ytineraire.com\/index.php?rest_route=\/wp\/v2\/pages\/160\/revisions\/499"}],"wp:attachment":[{"href":"https:\/\/ytineraire.com\/index.php?rest_route=%2Fwp%2Fv2%2Fmedia&parent=160"}],"curies":[{"name":"wp","href":"https:\/\/api.w.org\/{rel}","templated":true}]}}