{"id":156,"date":"2023-08-10T12:34:24","date_gmt":"2023-08-10T10:34:24","guid":{"rendered":"https:\/\/ytineraire.com\/?page_id=156"},"modified":"2024-08-23T13:54:08","modified_gmt":"2024-08-23T11:54:08","slug":"procedure-campus-france","status":"publish","type":"page","link":"https:\/\/ytineraire.com\/?page_id=156","title":{"rendered":"Proc\u00e9dure Campus France"},"content":{"rendered":"\n<div class=\"wp-block-columns is-layout-flex wp-container-4 wp-block-columns-is-layout-flex\">\n<div class=\"wp-block-column is-layout-flow wp-block-column-is-layout-flow\">\n<p class=\"has-text-align-center has-large-font-size\"><strong>Proc\u00e9dure Campus France<\/strong><\/p>\n\n\n\n<div class=\"wp-block-buttons is-content-justification-center is-layout-flex wp-container-1 wp-block-buttons-is-layout-flex\">\n<div class=\"wp-block-button\"><a class=\"wp-block-button__link wp-element-button\" href=\"https:\/\/ytineraire.com\/?page_id=254\">Contactez-nous<\/a><\/div>\n<\/div>\n<\/div>\n\n\n\n<div class=\"wp-block-column is-layout-flow wp-block-column-is-layout-flow\">\n<figure class=\"wp-block-image size-large is-resized\"><img decoding=\"async\" loading=\"lazy\" width=\"1024\" height=\"683\" src=\"https:\/\/ytineraire.com\/wp-content\/uploads\/2023\/08\/the-students-stairs-shot-of-a-group-of-young-stud-2023-01-09-22-24-06-utc-1024x683.jpg\" alt=\"\" class=\"wp-image-449\" style=\"width:409px;height:273px\" srcset=\"https:\/\/ytineraire.com\/wp-content\/uploads\/2023\/08\/the-students-stairs-shot-of-a-group-of-young-stud-2023-01-09-22-24-06-utc-1024x683.jpg 1024w, https:\/\/ytineraire.com\/wp-content\/uploads\/2023\/08\/the-students-stairs-shot-of-a-group-of-young-stud-2023-01-09-22-24-06-utc-300x200.jpg 300w, https:\/\/ytineraire.com\/wp-content\/uploads\/2023\/08\/the-students-stairs-shot-of-a-group-of-young-stud-2023-01-09-22-24-06-utc-768x513.jpg 768w, https:\/\/ytineraire.com\/wp-content\/uploads\/2023\/08\/the-students-stairs-shot-of-a-group-of-young-stud-2023-01-09-22-24-06-utc-1536x1025.jpg 1536w, https:\/\/ytineraire.com\/wp-content\/uploads\/2023\/08\/the-students-stairs-shot-of-a-group-of-young-stud-2023-01-09-22-24-06-utc-2048x1367.jpg 2048w, https:\/\/ytineraire.com\/wp-content\/uploads\/2023\/08\/the-students-stairs-shot-of-a-group-of-young-stud-2023-01-09-22-24-06-utc-600x400.jpg 600w\" sizes=\"(max-width: 1024px) 100vw, 1024px\" \/><\/figure>\n<\/div>\n<\/div>\n\n\n\n<div style=\"height:64px\" aria-hidden=\"true\" class=\"wp-block-spacer\"><\/div>\n\n\n\n<h2 class=\"wp-block-heading has-luminous-vivid-amber-color has-text-color has-medium-font-size\">\u00c9tape 1 : Candidature <\/h2>\n\n\n\n<p><\/p>\n\n\n\n<p class=\"has-text-align-left has-medium-font-size\">Faites-nous parvenir votre candidature via notre formulaire de contact pour que nous puissions vous accompagner tout le long de la proc\u00e9dure.<\/p>\n\n\n\n<div style=\"height:32px\" aria-hidden=\"true\" class=\"wp-block-spacer\"><\/div>\n\n\n\n<h2 class=\"wp-block-heading has-luminous-vivid-amber-color has-text-color has-medium-font-size\">\u00c9tape 2&nbsp;: Travailler ses projets d\u2019\u00e9tudes et professionnel<\/h2>\n\n\n\n<p><\/p>\n\n\n\n<p class=\"has-medium-font-size\">Quel \u00e9tablissement&nbsp;? Quelle formation&nbsp;? Comment r\u00e9diger son projet d\u2019\u00e9tudes, son projet professionnel&nbsp;? Quels d\u00e9bouch\u00e9s apr\u00e8s la formation&nbsp;? Comment financer mon projet&nbsp;? Voil\u00e0 autant de questions sur lesquelles il vous faudra travailler pour construire un projet d\u2019\u00e9tudes<br>solide et coh\u00e9rent.<\/p>\n\n\n\n<div style=\"height:32px\" aria-hidden=\"true\" class=\"wp-block-spacer\"><\/div>\n\n\n\n<h2 class=\"wp-block-heading has-luminous-vivid-amber-color has-text-color has-medium-font-size\">\u00c9tape 3&nbsp;: Solliciter une admission en ligne<\/h2>\n\n\n\n<p><\/p>\n\n\n\n<p class=\"has-black-color has-text-color has-medium-font-size\">Cr\u00e9er votre compte sur la plateforme \u00ab&nbsp;\u00e9tudes en France&nbsp;\u00bb. Vous devrez ensuite saisir vos<br>informations, remplir votre panier de formation et soumettre votre dossier \u00e0 Campus France.<\/p>\n\n\n\n<div style=\"height:32px\" aria-hidden=\"true\" class=\"wp-block-spacer\"><\/div>\n\n\n\n<h2 class=\"wp-block-heading has-luminous-vivid-amber-color has-text-color has-medium-font-size\">\u00c9tape 4&nbsp;: Acquitter les frais de dossier<\/h2>\n\n\n\n<p><\/p>\n\n\n\n<p class=\"has-medium-font-size\">Pour la prise en charge de votre dossier par Campus France, vous devrez r\u00e9gler des frais de dossier. Ces frais sont non remboursables et sont \u00e0 payer directement \u00e0 Campus France.<\/p>\n\n\n\n<div style=\"height:32px\" aria-hidden=\"true\" class=\"wp-block-spacer\"><\/div>\n\n\n\n<h2 class=\"wp-block-heading has-luminous-vivid-amber-color has-text-color has-medium-font-size\">\u00c9tape 5&nbsp;: L\u2019entretien p\u00e9dagogique<\/h2>\n\n\n\n<p><\/p>\n\n\n\n<p class=\"has-medium-font-size\">Une fois votre dossier v\u00e9rifi\u00e9 et valid\u00e9 par Campus France, un rendez-vous vous sera propos\u00e9 pour r\u00e9aliser un entretien p\u00e9dagogique. L\u2019objet de cet entretien sera d\u2019\u00e9valuer vos motivations concernant vos projets d\u2019\u00e9tudes et professionnel. C\u2019est une \u00e9tape d\u00e9cisive de la proc\u00e9dure et il vous faudra le pr\u00e9parer minutieusement.<\/p>\n\n\n\n<div style=\"height:32px\" aria-hidden=\"true\" class=\"wp-block-spacer\"><\/div>\n\n\n\n<h2 class=\"wp-block-heading has-luminous-vivid-amber-color has-text-color has-medium-font-size\">\u00c9tape 6&nbsp;: Les \u00e9tablissements r\u00e9pondent \u00e0 mes candidatures<\/h2>\n\n\n\n<p><\/p>\n\n\n\n<p class=\"has-medium-font-size\">Suite \u00e0 la soumission de vos candidatures et apr\u00e8s avoir re\u00e7u une ou plusieurs r\u00e9ponses positives des \u00e9tablissements, vous serez invit\u00e9 \u00e0 effectuer un choix d\u00e9finitif.<\/p>\n\n\n\n<div style=\"height:32px\" aria-hidden=\"true\" class=\"wp-block-spacer\"><\/div>\n\n\n\n<h2 class=\"wp-block-heading has-luminous-vivid-amber-color has-text-color has-medium-font-size\">\u00c9tape 7&nbsp;: La demande de visa \u00e9tudiant<\/h2>\n\n\n\n<p><\/p>\n\n\n\n<p class=\"has-medium-font-size\">Apr\u00e8s l\u2019obtention d\u2019une admission, un accord pr\u00e9alable d\u2019inscription vis\u00e9 par Campus France vous sera remis afin d\u2019effectuer votre demande de visa \u00e9tudiant. Le consulat ou l\u2019ambassade de France du lieu de votre r\u00e9sidence vous demandera de justifier de ressources financi\u00e8res suffisantes et d\u2019un logement en France pour l\u2019octroi de votre visa.<\/p>\n\n\n\n<div style=\"height:32px\" aria-hidden=\"true\" class=\"wp-block-spacer\"><\/div>\n\n\n\n<h2 class=\"wp-block-heading has-luminous-vivid-amber-color has-text-color has-medium-font-size\">\u00c9tape 8&nbsp;: Pr\u00e9parer mon d\u00e9part<\/h2>\n\n\n\n<p><\/p>\n\n\n\n<p class=\"has-medium-font-size\">Il est conseill\u00e9 d\u2019arriver en France 2 \u00e0 3 semaines \u00e0 l\u2019avance pour vous permettre de vous installer confortablement avant le d\u00e9but des cours. Cela vous permettra de vous occuper \u00e9galement de certaines d\u00e9marches administratives&nbsp;avant votre rentr\u00e9e :<\/p>\n\n\n\n<ul>\n<li class=\"has-medium-font-size\">Validation du visa \u00e9tudiant<\/li>\n\n\n\n<li class=\"has-medium-font-size\">Finalisation de l\u2019inscription<\/li>\n\n\n\n<li class=\"has-medium-font-size\">S\u00e9curit\u00e9 sociale, CAF<\/li>\n\n\n\n<li class=\"has-medium-font-size\">Compte bancaire<\/li>\n<\/ul>\n\n\n\n<div style=\"height:32px\" aria-hidden=\"true\" class=\"wp-block-spacer\"><\/div>\n\n\n\n<h2 class=\"wp-block-heading has-luminous-vivid-amber-color has-text-color has-medium-font-size\">Proc\u00e9dure ParcourSup<\/h2>\n\n\n\n<p><\/p>\n\n\n\n<p class=\"has-medium-font-size\">Nous vous invitons \u00e0 vous rendre sur le site de <a href=\"https:\/\/www.parcoursup.fr\/\" title=\"\">ParcourSup<\/a> afin de prendre connaissance de cette proc\u00e9dure.<\/p>\n\n\n\n<div style=\"height:100px\" aria-hidden=\"true\" class=\"wp-block-spacer\"><\/div>\n\n\n\n<div class=\"wp-block-cover is-light\" style=\"min-height:50px\"><span aria-hidden=\"true\" class=\"wp-block-cover__background has-luminous-vivid-amber-background-color has-background-dim-100 has-background-dim\"><\/span><div class=\"wp-block-cover__inner-container is-layout-constrained wp-block-cover-is-layout-constrained\">\n<p class=\"has-text-align-center has-medium-font-size\"><strong>A chaque \u00e9tape de votre projet d\u2019\u00e9tudes, une solution vous est propos\u00e9e<\/strong><\/p>\n<\/div><\/div>\n\n\n\n<div style=\"height:100px\" aria-hidden=\"true\" class=\"wp-block-spacer\"><\/div>\n\n\n\n<div class=\"wp-block-buttons is-content-justification-center is-layout-flex wp-container-6 wp-block-buttons-is-layout-flex\"><\/div>\n","protected":false},"excerpt":{"rendered":"<p>Proc\u00e9dure Campus France \u00c9tape 1 : Candidature Faites-nous parvenir votre candidature via notre formulaire de contact pour que nous puissions vous accompagner tout le long de la proc\u00e9dure. \u00c9tape 2&nbsp;: Travailler ses projets d\u2019\u00e9tudes et professionnel Quel \u00e9tablissement&nbsp;? Quelle formation&nbsp;? Comment r\u00e9diger son projet d\u2019\u00e9tudes, son projet professionnel&nbsp;? Quels d\u00e9bouch\u00e9s apr\u00e8s la formation&nbsp;? Comment financer [&hellip;]<\/p>\n","protected":false},"author":1,"featured_media":0,"parent":0,"menu_order":0,"comment_status":"closed","ping_status":"closed","template":"","meta":{"om_disable_all_campaigns":false,"_monsterinsights_skip_tracking":false,"_monsterinsights_sitenote_active":false,"_monsterinsights_sitenote_note":"","_monsterinsights_sitenote_category":0,"footnotes":""},"aioseo_notices":[],"_links":{"self":[{"href":"https:\/\/ytineraire.com\/index.php?rest_route=\/wp\/v2\/pages\/156"}],"collection":[{"href":"https:\/\/ytineraire.com\/index.php?rest_route=\/wp\/v2\/pages"}],"about":[{"href":"https:\/\/ytineraire.com\/index.php?rest_route=\/wp\/v2\/types\/page"}],"author":[{"embeddable":true,"href":"https:\/\/ytineraire.com\/index.php?rest_route=\/wp\/v2\/users\/1"}],"replies":[{"embeddable":true,"href":"https:\/\/ytineraire.com\/index.php?rest_route=%2Fwp%2Fv2%2Fcomments&post=156"}],"version-history":[{"count":55,"href":"https:\/\/ytineraire.com\/index.php?rest_route=\/wp\/v2\/pages\/156\/revisions"}],"predecessor-version":[{"id":634,"href":"https:\/\/ytineraire.com\/index.php?rest_route=\/wp\/v2\/pages\/156\/revisions\/634"}],"wp:attachment":[{"href":"https:\/\/ytineraire.com\/index.php?rest_route=%2Fwp%2Fv2%2Fmedia&parent=156"}],"curies":[{"name":"wp","href":"https:\/\/api.w.org\/{rel}","templated":true}]}}