{"id":138,"date":"2023-08-10T12:23:52","date_gmt":"2023-08-10T10:23:52","guid":{"rendered":"https:\/\/ytineraire.com\/?page_id=138"},"modified":"2024-08-23T19:48:14","modified_gmt":"2024-08-23T17:48:14","slug":"assistance-visa","status":"publish","type":"page","link":"https:\/\/ytineraire.com\/?page_id=138","title":{"rendered":"Notre Accompagnement > Assistance Visa"},"content":{"rendered":"\n<div class=\"wp-block-columns is-layout-flex wp-container-4 wp-block-columns-is-layout-flex\">\n<div class=\"wp-block-column is-layout-flow wp-block-column-is-layout-flow\">\n<p class=\"has-text-align-center has-x-large-font-size\"><strong>Assistance visa<\/strong><\/p>\n\n\n\n<div class=\"wp-block-buttons is-content-justification-center is-layout-flex wp-container-1 wp-block-buttons-is-layout-flex\">\n<div class=\"wp-block-button\"><a class=\"wp-block-button__link wp-element-button\" href=\"https:\/\/ytineraire.com\/?page_id=641\" target=\"_blank\" rel=\"noreferrer noopener\">Contactez-nous<\/a><\/div>\n<\/div>\n<\/div>\n\n\n\n<div class=\"wp-block-column is-layout-flow wp-block-column-is-layout-flow\">\n<figure class=\"wp-block-image size-large is-resized\"><img decoding=\"async\" loading=\"lazy\" width=\"1024\" height=\"538\" src=\"http:\/\/ytineraire.com\/wp-content\/uploads\/2023\/08\/passeport-1-1024x538.jpg\" alt=\"\" class=\"wp-image-273\" style=\"width:388px;height:204px\" srcset=\"https:\/\/ytineraire.com\/wp-content\/uploads\/2023\/08\/passeport-1-1024x538.jpg 1024w, https:\/\/ytineraire.com\/wp-content\/uploads\/2023\/08\/passeport-1-300x158.jpg 300w, https:\/\/ytineraire.com\/wp-content\/uploads\/2023\/08\/passeport-1-768x403.jpg 768w, https:\/\/ytineraire.com\/wp-content\/uploads\/2023\/08\/passeport-1-600x315.jpg 600w, https:\/\/ytineraire.com\/wp-content\/uploads\/2023\/08\/passeport-1.jpg 1200w\" sizes=\"(max-width: 1024px) 100vw, 1024px\" \/><\/figure>\n<\/div>\n<\/div>\n\n\n\n<p><\/p>\n\n\n\n<p class=\"has-text-align-left has-medium-font-size\"><strong>Ytin\u00e9raire<\/strong> vous accompagne dans la constitution de votre dossier de demande de visa. Vous pourrez ainsi b\u00e9n\u00e9ficier de nos conseils pratiques en mettant toutes les chances de votre c\u00f4t\u00e9 pour franchir cette \u00e9tape de votre projet.<\/p>\n\n\n\n<p class=\"has-text-align-left has-medium-font-size\"><strong>Vos premiers pas en France<\/strong><\/p>\n\n\n\n<p class=\"has-text-align-left has-medium-font-size\">Ytin\u00e9raire propose de vous accueillir \u00e0 l\u2019a\u00e9roport et de vous installer \u00e0 votre domicile. Une fois votre installation termin\u00e9e, nous vous assisterons \u00e9galement dans vos premi\u00e8res d\u00e9marches administratives (Validation visa \u00e9tudiant, inscription d\u00e9finitive, Assurance maladie, Compte bancaire, CAF\u2026).<\/p>\n\n\n\n<p><\/p>\n\n\n\n<p><\/p>\n\n\n\n<figure class=\"wp-block-image size-large\"><img decoding=\"async\" loading=\"lazy\" width=\"1024\" height=\"683\" src=\"https:\/\/ytineraire.com\/wp-content\/uploads\/2023\/08\/young-traveler-man-at-train-station-traveling-con-2022-02-22-03-56-28-utc-1024x683.jpg\" alt=\"\" class=\"wp-image-247\" srcset=\"https:\/\/ytineraire.com\/wp-content\/uploads\/2023\/08\/young-traveler-man-at-train-station-traveling-con-2022-02-22-03-56-28-utc-1024x683.jpg 1024w, https:\/\/ytineraire.com\/wp-content\/uploads\/2023\/08\/young-traveler-man-at-train-station-traveling-con-2022-02-22-03-56-28-utc-300x200.jpg 300w, https:\/\/ytineraire.com\/wp-content\/uploads\/2023\/08\/young-traveler-man-at-train-station-traveling-con-2022-02-22-03-56-28-utc-768x512.jpg 768w, https:\/\/ytineraire.com\/wp-content\/uploads\/2023\/08\/young-traveler-man-at-train-station-traveling-con-2022-02-22-03-56-28-utc-1536x1024.jpg 1536w, https:\/\/ytineraire.com\/wp-content\/uploads\/2023\/08\/young-traveler-man-at-train-station-traveling-con-2022-02-22-03-56-28-utc-2048x1365.jpg 2048w, https:\/\/ytineraire.com\/wp-content\/uploads\/2023\/08\/young-traveler-man-at-train-station-traveling-con-2022-02-22-03-56-28-utc-600x400.jpg 600w\" sizes=\"(max-width: 1024px) 100vw, 1024px\" \/><\/figure>\n\n\n\n<p><\/p>\n\n\n\n<p><\/p>\n\n\n\n<div class=\"wp-block-cover is-light\" style=\"min-height:50px\"><span aria-hidden=\"true\" class=\"wp-block-cover__background has-luminous-vivid-amber-background-color has-background-dim-100 has-background-dim\"><\/span><div class=\"wp-block-cover__inner-container is-layout-flow wp-block-cover-is-layout-flow\">\n<p class=\"has-text-align-center has-medium-font-size\"><strong>Suivez l\u2019Ytin\u00e9raire et laissez-vous guider dans la r\u00e9alisation de votre projet d\u2019\u00e9tudes<\/strong><\/p>\n<\/div><\/div>\n","protected":false},"excerpt":{"rendered":"<p>Assistance visa Ytin\u00e9raire vous accompagne dans la constitution de votre dossier de demande de visa. Vous pourrez ainsi b\u00e9n\u00e9ficier de nos conseils pratiques en mettant toutes les chances de votre c\u00f4t\u00e9 pour franchir cette \u00e9tape de votre projet. Vos premiers pas en France Ytin\u00e9raire propose de vous accueillir \u00e0 l\u2019a\u00e9roport et de vous installer \u00e0 [&hellip;]<\/p>\n","protected":false},"author":1,"featured_media":0,"parent":0,"menu_order":0,"comment_status":"closed","ping_status":"closed","template":"","meta":{"om_disable_all_campaigns":false,"_monsterinsights_skip_tracking":false,"_monsterinsights_sitenote_active":false,"_monsterinsights_sitenote_note":"","_monsterinsights_sitenote_category":0,"footnotes":""},"aioseo_notices":[],"_links":{"self":[{"href":"https:\/\/ytineraire.com\/index.php?rest_route=\/wp\/v2\/pages\/138"}],"collection":[{"href":"https:\/\/ytineraire.com\/index.php?rest_route=\/wp\/v2\/pages"}],"about":[{"href":"https:\/\/ytineraire.com\/index.php?rest_route=\/wp\/v2\/types\/page"}],"author":[{"embeddable":true,"href":"https:\/\/ytineraire.com\/index.php?rest_route=\/wp\/v2\/users\/1"}],"replies":[{"embeddable":true,"href":"https:\/\/ytineraire.com\/index.php?rest_route=%2Fwp%2Fv2%2Fcomments&post=138"}],"version-history":[{"count":29,"href":"https:\/\/ytineraire.com\/index.php?rest_route=\/wp\/v2\/pages\/138\/revisions"}],"predecessor-version":[{"id":645,"href":"https:\/\/ytineraire.com\/index.php?rest_route=\/wp\/v2\/pages\/138\/revisions\/645"}],"wp:attachment":[{"href":"https:\/\/ytineraire.com\/index.php?rest_route=%2Fwp%2Fv2%2Fmedia&parent=138"}],"curies":[{"name":"wp","href":"https:\/\/api.w.org\/{rel}","templated":true}]}}