{"id":126,"date":"2023-08-10T12:10:14","date_gmt":"2023-08-10T10:10:14","guid":{"rendered":"https:\/\/ytineraire.com\/?page_id=126"},"modified":"2023-08-10T12:18:25","modified_gmt":"2023-08-10T10:18:25","slug":"obtenir-une-admission","status":"publish","type":"page","link":"https:\/\/ytineraire.com\/?page_id=126","title":{"rendered":"Notre Accompagnement > Obtenir une admission"},"content":{"rendered":"\n<div class=\"wp-block-columns is-layout-flex wp-container-6 wp-block-columns-is-layout-flex\">\n<div class=\"wp-block-column is-layout-flow wp-block-column-is-layout-flow\">\n<div class=\"wp-block-columns is-layout-flex wp-container-3 wp-block-columns-is-layout-flex\">\n<div class=\"wp-block-column is-vertically-aligned-center is-layout-flow wp-block-column-is-layout-flow\">\n<p class=\"has-text-align-center has-x-large-font-size\"><strong>Obtenir une admission<\/strong><\/p>\n\n\n\n<div class=\"wp-block-buttons is-content-justification-center is-layout-flex wp-container-1 wp-block-buttons-is-layout-flex\">\n<div class=\"wp-block-button\"><a class=\"wp-block-button__link wp-element-button\" href=\"https:\/\/ytineraire.com\/?page_id=254\">Contactez-nous<\/a><\/div>\n<\/div>\n<\/div>\n<\/div>\n<\/div>\n\n\n\n<div class=\"wp-block-column is-layout-flow wp-block-column-is-layout-flow\">\n<figure class=\"wp-block-image size-large is-resized\"><img decoding=\"async\" loading=\"lazy\" src=\"https:\/\/ytineraire.com\/wp-content\/uploads\/2023\/08\/confident-teacher-speaking-to-african-student-on-c-2021-11-04-21-49-16-utc-3-1024x683.jpg\" alt=\"\" class=\"wp-image-222\" style=\"width:416px;height:277px\" width=\"416\" height=\"277\" srcset=\"https:\/\/ytineraire.com\/wp-content\/uploads\/2023\/08\/confident-teacher-speaking-to-african-student-on-c-2021-11-04-21-49-16-utc-3-1024x683.jpg 1024w, https:\/\/ytineraire.com\/wp-content\/uploads\/2023\/08\/confident-teacher-speaking-to-african-student-on-c-2021-11-04-21-49-16-utc-3-300x200.jpg 300w, https:\/\/ytineraire.com\/wp-content\/uploads\/2023\/08\/confident-teacher-speaking-to-african-student-on-c-2021-11-04-21-49-16-utc-3-768x512.jpg 768w, https:\/\/ytineraire.com\/wp-content\/uploads\/2023\/08\/confident-teacher-speaking-to-african-student-on-c-2021-11-04-21-49-16-utc-3-1536x1024.jpg 1536w, https:\/\/ytineraire.com\/wp-content\/uploads\/2023\/08\/confident-teacher-speaking-to-african-student-on-c-2021-11-04-21-49-16-utc-3-2048x1365.jpg 2048w, https:\/\/ytineraire.com\/wp-content\/uploads\/2023\/08\/confident-teacher-speaking-to-african-student-on-c-2021-11-04-21-49-16-utc-3-600x400.jpg 600w\" sizes=\"(max-width: 416px) 100vw, 416px\" \/><\/figure>\n<\/div>\n<\/div>\n\n\n\n<p><\/p>\n\n\n\n<p class=\"has-medium-font-size\">Ytin\u00e9raire propose aux \u00e9tudiants \u00e9trangers souhaitant r\u00e9aliser un projet d\u2019\u00e9tudes en France, une prise en charge compl\u00e8te de leur parcours de mobilit\u00e9, de la naissance du projet (d\u00e8s le stade de l\u2019id\u00e9e) \u00e0 sa r\u00e9alisation. <\/p>\n\n\n\n<p class=\"has-medium-font-size\">Cela comprend\u00a0:<\/p>\n\n\n\n<ul class=\"has-medium-font-size\">\n<li class=\"has-medium-font-size\">\u00c9tablir un diagnostic fili\u00e8re selon le parcours de l&rsquo;\u00e9tudiant (conseils et orientation)<\/li>\n<\/ul>\n\n\n\n<ul class=\"has-medium-font-size\">\n<li class=\"has-medium-font-size\">Aider l&rsquo;\u00e9tudiant \u00e0 monter un projet d&rsquo;\u00e9tudes et un projet professionnel en ad\u00e9quation avec son cursus ant\u00e9rieur<\/li>\n\n\n\n<li>S\u00e9lectionner et proposer aux \u00e9tudiants des universit\u00e9s\/\u00e9coles et les guider dans leur choix de formation<\/li>\n\n\n\n<li>Accompagner l\u2019\u00e9tudiant dans sa demande d&rsquo;inscription<\/li>\n\n\n\n<li>Coaching et simulations d&rsquo;entretien p\u00e9dagogique pour pr\u00e9parer les \u00e9tudiants \u00e0 mieux g\u00e9rer ce pr\u00e9alable \u00e0 leur admission<\/li>\n\n\n\n<li>Suivi des candidatures aupr\u00e8s des \u00e9tablissement d\u2019enseignement sup\u00e9rieur<br><\/li>\n<\/ul>\n\n\n\n<p><\/p>\n\n\n\n<p><\/p>\n\n\n\n<p><\/p>\n\n\n\n<figure class=\"wp-block-image size-large\"><img decoding=\"async\" loading=\"lazy\" width=\"1024\" height=\"576\" src=\"https:\/\/ytineraire.com\/wp-content\/uploads\/2023\/08\/young-african-student-walks-down-the-stairs-outsid-2022-12-06-23-34-49-utc-1-1024x576.jpg\" alt=\"\" class=\"wp-image-237\" srcset=\"https:\/\/ytineraire.com\/wp-content\/uploads\/2023\/08\/young-african-student-walks-down-the-stairs-outsid-2022-12-06-23-34-49-utc-1-1024x576.jpg 1024w, https:\/\/ytineraire.com\/wp-content\/uploads\/2023\/08\/young-african-student-walks-down-the-stairs-outsid-2022-12-06-23-34-49-utc-1-300x169.jpg 300w, https:\/\/ytineraire.com\/wp-content\/uploads\/2023\/08\/young-african-student-walks-down-the-stairs-outsid-2022-12-06-23-34-49-utc-1-768x432.jpg 768w, https:\/\/ytineraire.com\/wp-content\/uploads\/2023\/08\/young-african-student-walks-down-the-stairs-outsid-2022-12-06-23-34-49-utc-1-1536x864.jpg 1536w, https:\/\/ytineraire.com\/wp-content\/uploads\/2023\/08\/young-african-student-walks-down-the-stairs-outsid-2022-12-06-23-34-49-utc-1-2048x1152.jpg 2048w, https:\/\/ytineraire.com\/wp-content\/uploads\/2023\/08\/young-african-student-walks-down-the-stairs-outsid-2022-12-06-23-34-49-utc-1-600x337.jpg 600w\" sizes=\"(max-width: 1024px) 100vw, 1024px\" \/><\/figure>\n\n\n\n<p><\/p>\n\n\n\n<p><\/p>\n\n\n\n<p><\/p>\n\n\n\n<div class=\"wp-block-cover is-light\" style=\"min-height:96px\"><span aria-hidden=\"true\" class=\"wp-block-cover__background has-luminous-vivid-amber-background-color has-background-dim-100 has-background-dim\"><\/span><div class=\"wp-block-cover__inner-container is-layout-flow wp-block-cover-is-layout-flow\">\n<p class=\"has-text-align-center has-medium-font-size\"><strong>A chaque \u00e9tape de votre projet d\u2019\u00e9tudes, une solution vous est propos\u00e9e<\/strong><\/p>\n<\/div><\/div>\n","protected":false},"excerpt":{"rendered":"<p>Obtenir une admission Ytin\u00e9raire propose aux \u00e9tudiants \u00e9trangers souhaitant r\u00e9aliser un projet d\u2019\u00e9tudes en France, une prise en charge compl\u00e8te de leur parcours de mobilit\u00e9, de la naissance du projet (d\u00e8s le stade de l\u2019id\u00e9e) \u00e0 sa r\u00e9alisation. Cela comprend\u00a0:<\/p>\n","protected":false},"author":1,"featured_media":0,"parent":0,"menu_order":0,"comment_status":"closed","ping_status":"closed","template":"","meta":{"om_disable_all_campaigns":true,"_monsterinsights_skip_tracking":false,"_monsterinsights_sitenote_active":false,"_monsterinsights_sitenote_note":"","_monsterinsights_sitenote_category":0,"footnotes":""},"aioseo_notices":[],"_links":{"self":[{"href":"https:\/\/ytineraire.com\/index.php?rest_route=\/wp\/v2\/pages\/126"}],"collection":[{"href":"https:\/\/ytineraire.com\/index.php?rest_route=\/wp\/v2\/pages"}],"about":[{"href":"https:\/\/ytineraire.com\/index.php?rest_route=\/wp\/v2\/types\/page"}],"author":[{"embeddable":true,"href":"https:\/\/ytineraire.com\/index.php?rest_route=\/wp\/v2\/users\/1"}],"replies":[{"embeddable":true,"href":"https:\/\/ytineraire.com\/index.php?rest_route=%2Fwp%2Fv2%2Fcomments&post=126"}],"version-history":[{"count":32,"href":"https:\/\/ytineraire.com\/index.php?rest_route=\/wp\/v2\/pages\/126\/revisions"}],"predecessor-version":[{"id":224,"href":"https:\/\/ytineraire.com\/index.php?rest_route=\/wp\/v2\/pages\/126\/revisions\/224"}],"wp:attachment":[{"href":"https:\/\/ytineraire.com\/index.php?rest_route=%2Fwp%2Fv2%2Fmedia&parent=126"}],"curies":[{"name":"wp","href":"https:\/\/api.w.org\/{rel}","templated":true}]}}